{"id":14,"date":"2025-07-10T07:49:58","date_gmt":"2025-07-10T07:49:58","guid":{"rendered":"https:\/\/plde.pl\/?page_id=14"},"modified":"2025-07-10T07:52:59","modified_gmt":"2025-07-10T07:52:59","slug":"busy-polska-niemcy","status":"publish","type":"page","link":"https:\/\/plde.pl\/","title":{"rendered":"Busy Polska &#8211; Niemcy"},"content":{"rendered":"\t\t<div data-elementor-type=\"wp-page\" data-elementor-id=\"14\" class=\"elementor elementor-14\" data-elementor-post-type=\"page\">\n\t\t\t\t<div class=\"elementor-element elementor-element-54b0bee e-flex e-con-boxed e-con e-parent\" data-id=\"54b0bee\" data-element_type=\"container\" data-e-type=\"container\">\n\t\t\t\t\t<div class=\"e-con-inner\">\n\t\t\t\t<div class=\"elementor-element elementor-element-c31cfaa elementor-widget elementor-widget-spacer\" data-id=\"c31cfaa\" data-element_type=\"widget\" data-e-type=\"widget\" data-widget_type=\"spacer.default\">\n\t\t\t\t\t\t\t<div class=\"elementor-spacer\">\n\t\t\t<div class=\"elementor-spacer-inner\"><\/div>\n\t\t<\/div>\n\t\t\t\t\t\t<\/div>\n\t\t\t\t\t<\/div>\n\t\t\t\t<\/div>\n\t\t<div class=\"elementor-element elementor-element-6d7d96a e-flex e-con-boxed e-con e-parent\" data-id=\"6d7d96a\" data-element_type=\"container\" data-e-type=\"container\">\n\t\t\t\t\t<div class=\"e-con-inner\">\n\t\t\t\t<div class=\"elementor-element elementor-element-a2b785c elementor-widget elementor-widget-heading\" data-id=\"a2b785c\" data-element_type=\"widget\" data-e-type=\"widget\" data-widget_type=\"heading.default\">\n\t\t\t\t\t<h1 class=\"elementor-heading-title elementor-size-default\">Busy do Niemiec<\/h1>\t\t\t\t<\/div>\n\t\t\t\t\t<\/div>\n\t\t\t\t<\/div>\n\t\t<div class=\"elementor-element elementor-element-09aca67 e-grid e-con-boxed e-con e-parent\" data-id=\"09aca67\" data-element_type=\"container\" data-e-type=\"container\">\n\t\t\t\t\t<div class=\"e-con-inner\">\n\t\t\t\t<div class=\"elementor-element elementor-element-e480b79 elementor-widget elementor-widget-text-editor\" data-id=\"e480b79\" data-element_type=\"widget\" data-e-type=\"widget\" data-widget_type=\"text-editor.default\">\n\t\t\t\t\t\t\t\t\t<h2 data-start=\"276\" data-end=\"318\"><span data-start=\"276\" data-end=\"318\">Komfortowe przejazdy od drzwi do drzwi<\/span><\/h2><p data-start=\"320\" data-end=\"493\">Planujesz wyjazd do Niemiec lub powr\u00f3t do Polski? Wybierz bezpieczny i wygodny transport busem z us\u0142ug\u0105 <strong data-start=\"424\" data-end=\"440\">door-to-door<\/strong> \u2013 bez przesiadek, bez stresu i bez d\u017awigania baga\u017cy.<\/p>\t\t\t\t\t\t\t\t<\/div>\n\t\t\t\t<div class=\"elementor-element elementor-element-e344f38 elementor-widget elementor-widget-text-editor\" data-id=\"e344f38\" data-element_type=\"widget\" data-e-type=\"widget\" data-widget_type=\"text-editor.default\">\n\t\t\t\t\t\t\t\t\t<h2 data-start=\"495\" data-end=\"559\">Odbierzemy Ci\u0119 spod drzwi. Dowieziemy pod wskazany adres<\/h2><p data-start=\"561\" data-end=\"758\">Nasze busy kursuj\u0105 codziennie na trasach Polska \u2013 Niemcy \u2013 Polska. Oferujemy przewozy pasa\u017cerskie dla os\u00f3b prywatnych i firm, z pe\u0142n\u0105 obs\u0142ug\u0105 logistyczn\u0105 i punktualno\u015bci\u0105, na kt\u00f3rej mo\u017cesz polega\u0107.<\/p>\t\t\t\t\t\t\t\t<\/div>\n\t\t\t\t<div class=\"elementor-element elementor-element-30737d6 elementor-widget elementor-widget-text-editor\" data-id=\"30737d6\" data-element_type=\"widget\" data-e-type=\"widget\" data-widget_type=\"text-editor.default\">\n\t\t\t\t\t\t\t\t\t<h2 data-start=\"1931\" data-end=\"1989\">Podr\u00f3\u017cuj wygodnie z rodzin\u0105 lub znajomymi<\/h2><p data-start=\"1990\" data-end=\"2076\">Obs\u0142ugujemy tak\u017ce ma\u0142e grupy \u2013 skontaktuj si\u0119 z nami, aby uzyska\u0107 ofert\u0119 indywidualn\u0105.<\/p>\t\t\t\t\t\t\t\t<\/div>\n\t\t\t\t<div class=\"elementor-element elementor-element-0cc6d27 elementor-widget elementor-widget-text-editor\" data-id=\"0cc6d27\" data-element_type=\"widget\" data-e-type=\"widget\" data-widget_type=\"text-editor.default\">\n\t\t\t\t\t\t\t\t\t<h2 data-start=\"1305\" data-end=\"1334\">G\u0142\u00f3wne regiony obs\u0142ugi<\/h2><p data-start=\"1336\" data-end=\"1505\"><strong data-start=\"1336\" data-end=\"1349\">W Polsce:<\/strong> Dolny \u015al\u0105sk, Opolskie, \u015al\u0105sk, Wielkopolska, Lubuskie, Mazowsze<br data-start=\"1412\" data-end=\"1415\" \/><strong data-start=\"1415\" data-end=\"1431\">W Niemczech:<\/strong> Berlin, Hamburg, Monachium, Stuttgart, Frankfurt, Dortmund i wiele innych<\/p><p data-start=\"1507\" data-end=\"1685\">Nie musisz zna\u0107 j\u0119zyka niemieckiego ani martwi\u0107 si\u0119 przesiadkami. Nasi kierowcy znaj\u0105 lokalne trasy lepiej ni\u017c Google Maps \u2013 bezpiecznie omin\u0105 korki, kontrole czy roboty drogowe.<\/p>\t\t\t\t\t\t\t\t<\/div>\n\t\t\t\t\t<\/div>\n\t\t\t\t<\/div>\n\t\t<div class=\"elementor-element elementor-element-da90fa4 e-flex e-con-boxed e-con e-parent\" data-id=\"da90fa4\" data-element_type=\"container\" data-e-type=\"container\">\n\t\t\t\t\t<div class=\"e-con-inner\">\n\t\t\t\t<div class=\"elementor-element elementor-element-307014c elementor-widget elementor-widget-text-editor\" data-id=\"307014c\" data-element_type=\"widget\" data-e-type=\"widget\" data-widget_type=\"text-editor.default\">\n\t\t\t\t\t\t\t\t\t<h2 data-start=\"760\" data-end=\"802\">Dlaczego warto wybra\u0107 nasze przejazdy?<\/h2><ul data-start=\"804\" data-end=\"1303\"><li data-start=\"804\" data-end=\"892\"><p data-start=\"806\" data-end=\"892\">\u2705 <strong data-start=\"808\" data-end=\"824\">Door-to-door<\/strong> \u2013 przyje\u017cd\u017camy pod wskazany adres i dowozimy bezpo\u015brednio do celu<\/p><\/li><li data-start=\"893\" data-end=\"972\"><p data-start=\"895\" data-end=\"972\">\u2705 <strong data-start=\"897\" data-end=\"916\">Codzienne kursy<\/strong> \u2013 elastyczny grafik, dostosowany do potrzeb pasa\u017cer\u00f3w<\/p><\/li><li data-start=\"973\" data-end=\"1062\"><p data-start=\"975\" data-end=\"1062\">\u2705 <strong data-start=\"977\" data-end=\"997\">Nowoczesna flota<\/strong> \u2013 komfortowe, klimatyzowane busy, z du\u017c\u0105 przestrzeni\u0105 na baga\u017c<\/p><\/li><li data-start=\"1063\" data-end=\"1151\"><p data-start=\"1065\" data-end=\"1151\">\u2705 <strong data-start=\"1067\" data-end=\"1093\">Profesjonalni kierowcy<\/strong> \u2013 do\u015bwiadczeni, uprzejmi i z doskona\u0142\u0105 znajomo\u015bci\u0105 tras<\/p><\/li><li data-start=\"1152\" data-end=\"1233\"><p data-start=\"1154\" data-end=\"1233\">\u2705 <strong data-start=\"1156\" data-end=\"1174\">Bezpiecze\u0144stwo<\/strong> \u2013 regularne przegl\u0105dy techniczne, ubezpieczenie pasa\u017cera<\/p><\/li><li data-start=\"1234\" data-end=\"1303\"><p data-start=\"1236\" data-end=\"1303\">\u2705 <strong data-start=\"1238\" data-end=\"1260\">Sta\u0142e trasy i ceny<\/strong> \u2013 przejrzyste zasady, bez ukrytych op\u0142at<\/p><\/li><\/ul>\t\t\t\t\t\t\t\t<\/div>\n\t\t\t\t\t<\/div>\n\t\t\t\t<\/div>\n\t\t<div class=\"elementor-element elementor-element-d0e5baa e-flex e-con-boxed e-con e-parent\" data-id=\"d0e5baa\" data-element_type=\"container\" data-e-type=\"container\">\n\t\t\t\t\t<div class=\"e-con-inner\">\n\t\t\t\t<div class=\"elementor-element elementor-element-9cc24db elementor-widget elementor-widget-button\" data-id=\"9cc24db\" data-element_type=\"widget\" data-e-type=\"widget\" data-widget_type=\"button.default\">\n\t\t\t\t\t\t\t\t\t\t<a class=\"elementor-button elementor-button-link elementor-size-sm\" href=\"https:\/\/przewozysandrex.pl\">\n\t\t\t\t\t\t<span class=\"elementor-button-content-wrapper\">\n\t\t\t\t\t\t\t\t\t<span class=\"elementor-button-text\">ZAREZERWUJ MIEJSCE<\/span>\n\t\t\t\t\t<\/span>\n\t\t\t\t\t<\/a>\n\t\t\t\t\t\t\t\t<\/div>\n\t\t\t\t\t<\/div>\n\t\t\t\t<\/div>\n\t\t\t\t<\/div>\n\t\t","protected":false},"excerpt":{"rendered":"<p>Busy do Niemiec Komfortowe przejazdy od drzwi do drzwi Planujesz wyjazd do Niemiec lub powr\u00f3t do Polski? Wybierz bezpieczny i wygodny transport busem z us\u0142ug\u0105 door-to-door \u2013 bez przesiadek, bez stresu i bez d\u017awigania baga\u017cy. Odbierzemy Ci\u0119 spod drzwi. Dowieziemy pod wskazany adres Nasze busy kursuj\u0105 codziennie na trasach Polska \u2013 Niemcy \u2013 Polska. Oferujemy [&hellip;]<\/p>\n","protected":false},"author":1,"featured_media":0,"parent":0,"menu_order":0,"comment_status":"closed","ping_status":"closed","template":"","meta":{"om_disable_all_campaigns":false,"_monsterinsights_skip_tracking":false,"_monsterinsights_sitenote_active":false,"_monsterinsights_sitenote_note":"","_monsterinsights_sitenote_category":0,"footnotes":""},"class_list":["post-14","page","type-page","status-publish","hentry"],"aioseo_notices":[],"_links":{"self":[{"href":"https:\/\/plde.pl\/index.php\/wp-json\/wp\/v2\/pages\/14","targetHints":{"allow":["GET"]}}],"collection":[{"href":"https:\/\/plde.pl\/index.php\/wp-json\/wp\/v2\/pages"}],"about":[{"href":"https:\/\/plde.pl\/index.php\/wp-json\/wp\/v2\/types\/page"}],"author":[{"embeddable":true,"href":"https:\/\/plde.pl\/index.php\/wp-json\/wp\/v2\/users\/1"}],"replies":[{"embeddable":true,"href":"https:\/\/plde.pl\/index.php\/wp-json\/wp\/v2\/comments?post=14"}],"version-history":[{"count":7,"href":"https:\/\/plde.pl\/index.php\/wp-json\/wp\/v2\/pages\/14\/revisions"}],"predecessor-version":[{"id":28,"href":"https:\/\/plde.pl\/index.php\/wp-json\/wp\/v2\/pages\/14\/revisions\/28"}],"wp:attachment":[{"href":"https:\/\/plde.pl\/index.php\/wp-json\/wp\/v2\/media?parent=14"}],"curies":[{"name":"wp","href":"https:\/\/api.w.org\/{rel}","templated":true}]}}